{"id":30,"date":"2020-04-27T21:28:42","date_gmt":"2020-04-27T19:28:42","guid":{"rendered":"https:\/\/bslthemes.site\/ryancv\/?page_id=29"},"modified":"2023-03-03T08:53:13","modified_gmt":"2023-03-03T07:53:13","slug":"centrum-geometrii-samochodowej-u-jacka","status":"publish","type":"page","link":"https:\/\/warsztatujacka.pl\/","title":{"rendered":"Centrum Geometrii Samochodowej u Jacka"},"content":{"rendered":"\t\t<div data-elementor-type=\"wp-page\" data-elementor-id=\"30\" class=\"elementor elementor-30\">\n\t\t\t\t\t\t\t\t\t<section class=\"elementor-section elementor-top-section elementor-element elementor-element-1368f2f elementor-section-full_width elementor-section-height-default elementor-section-height-default\" data-id=\"1368f2f\" data-element_type=\"section\">\n\t\t\t\t\t\t<div class=\"elementor-container elementor-column-gap-no\">\n\t\t\t\t\t<div class=\"elementor-column elementor-col-100 elementor-top-column elementor-element elementor-element-8d69b8b\" data-id=\"8d69b8b\" data-element_type=\"column\">\n\t\t\t<div class=\"elementor-widget-wrap elementor-element-populated\">\n\t\t\t\t\t\t\t\t<div class=\"elementor-element elementor-element-b939dc4 elementor-widget elementor-widget-ryancv-about-me\" data-id=\"b939dc4\" data-element_type=\"widget\" data-widget_type=\"ryancv-about-me.default\">\n\t\t\t\t<div class=\"elementor-widget-container\">\n\t\t\t\n\t\t<!-- About -->\n\t\t<div class=\"content about\">\n\n\t\t\t\t\t\t<!-- title -->\n\t\t\t<div class=\"title\">\n\t\t\t\t<span >Centrum Geometrii Samochodowej u Jacka<\/span>\n\t\t\t<\/div>\n\t\t\t\n\t\t\t<!-- content -->\n\t\t\t<div class=\"row\">\n\t\t\t\t\n\t\t\t\t\t\t\t\t<div class=\"col col-d-12 col-t-12 col-m-12 border-line-v\">\n\t\t\t\t\t<div class=\"text-box\">\n\t\t\t\t\t\t<div ><p>Centrum Geometrii Samochodowej u Jacka to warsztat z d\u0142ugoletnim do\u015bwiadczeniem, naszym atutem jest us\u0142uga geometrii na najwy\u017cszym poziomie od aut oldschool a\u017c po najnowsze wersje, a tak\u017ce zmodyfikowane auta po tuningu, do driftu w\u0142\u0105cznie.<\/p><p>Specjalizujemy si\u0119 r\u00f3wnie\u017c w ka\u017cdych naprawach od drobnych usterek a\u017c po bardzo skomplikowane naprawy.<\/p><p>W naszej ofercie:<\/p><ul><li>Geometria samochodowa<\/li><li>Klimatyzacja naprawa i konserwacja<\/li><li>Ozonowanie<\/li><li>Uk\u0142ady wydechowe<\/li><li>Uk\u0142ady Kierownicze<\/li><li>Uk\u0142ady hamulcowe\/naprawa\/ regeneracja zacisk\u00f3w hamulcowych<\/li><li>Naprawy silnik\u00f3w<\/li><li>Wymiana oleju<\/li><li>Wymiana filtr\u00f3w<\/li><li>Przegl\u0105dy samochodowe<\/li><li>Wulkanizacja wymiana opon<\/li><li>Naprawy zawieszenia<\/li><\/ul><p>Zapraszamy do kontaktu!<\/p><\/div>\n\t\t\t\t\t<\/div>\n\t\t\t\t<\/div>\n\t\t\t\t\n\t\t\t\t\n\t\t\t\t<div class=\"clear\"><\/div>\n\t\t\t<\/div>\n\n\t\t<\/div>\n\n\t\t\t\t<\/div>\n\t\t\t\t<\/div>\n\t\t\t\t\t<\/div>\n\t\t<\/div>\n\t\t\t\t\t\t\t<\/div>\n\t\t<\/section>\n\t\t\t\t<section class=\"elementor-section elementor-top-section elementor-element elementor-element-e19318c elementor-section-boxed elementor-section-height-default elementor-section-height-default\" data-id=\"e19318c\" data-element_type=\"section\">\n\t\t\t\t\t\t<div class=\"elementor-container elementor-column-gap-default\">\n\t\t\t\t\t<div class=\"elementor-column elementor-col-100 elementor-top-column elementor-element elementor-element-d3480e8\" data-id=\"d3480e8\" data-element_type=\"column\">\n\t\t\t<div class=\"elementor-widget-wrap elementor-element-populated\">\n\t\t\t\t\t\t\t\t<div class=\"elementor-element elementor-element-51f2a63 elementor-widget elementor-widget-image-carousel\" data-id=\"51f2a63\" data-element_type=\"widget\" data-settings=\"{&quot;navigation&quot;:&quot;none&quot;,&quot;autoplay&quot;:&quot;yes&quot;,&quot;pause_on_hover&quot;:&quot;yes&quot;,&quot;pause_on_interaction&quot;:&quot;yes&quot;,&quot;autoplay_speed&quot;:5000,&quot;infinite&quot;:&quot;yes&quot;,&quot;speed&quot;:500}\" data-widget_type=\"image-carousel.default\">\n\t\t\t\t<div class=\"elementor-widget-container\">\n\t\t\t<style>\/*! elementor - v3.18.0 - 20-12-2023 *\/\n.elementor-widget-image-carousel .swiper,.elementor-widget-image-carousel .swiper-container{position:static}.elementor-widget-image-carousel .swiper-container .swiper-slide figure,.elementor-widget-image-carousel .swiper .swiper-slide figure{line-height:inherit}.elementor-widget-image-carousel .swiper-slide{text-align:center}.elementor-image-carousel-wrapper:not(.swiper-container-initialized):not(.swiper-initialized) .swiper-slide{max-width:calc(100% \/ var(--e-image-carousel-slides-to-show, 3))}<\/style>\t\t<div class=\"elementor-image-carousel-wrapper swiper-container\" dir=\"ltr\">\n\t\t\t<div class=\"elementor-image-carousel swiper-wrapper\" aria-live=\"off\">\n\t\t\t\t\t\t\t\t<div class=\"swiper-slide\" role=\"group\" aria-roledescription=\"slide\" aria-label=\"1 of 10\"><figure class=\"swiper-slide-inner\"><img decoding=\"async\" class=\"swiper-slide-image\" src=\"https:\/\/warsztatujacka.pl\/wp-content\/uploads\/2023\/02\/opel-150x150.jpg\" alt=\"opel\" \/><\/figure><\/div><div class=\"swiper-slide\" role=\"group\" aria-roledescription=\"slide\" aria-label=\"2 of 10\"><figure class=\"swiper-slide-inner\"><img decoding=\"async\" class=\"swiper-slide-image\" src=\"https:\/\/warsztatujacka.pl\/wp-content\/uploads\/2023\/02\/Logo-Volvo-2013-2014-150x150.jpg\" alt=\"Logo-Volvo-2013-2014\" \/><\/figure><\/div><div class=\"swiper-slide\" role=\"group\" aria-roledescription=\"slide\" aria-label=\"3 of 10\"><figure class=\"swiper-slide-inner\"><img decoding=\"async\" class=\"swiper-slide-image\" src=\"https:\/\/warsztatujacka.pl\/wp-content\/uploads\/2023\/02\/Logo-SKODA-na-sciane-prezent-do-domu-garazu-50cm-150x150.jpg\" alt=\"Logo-SKODA-na-sciane-prezent-do-domu-garazu-50cm\" \/><\/figure><\/div><div class=\"swiper-slide\" role=\"group\" aria-roledescription=\"slide\" aria-label=\"4 of 10\"><figure class=\"swiper-slide-inner\"><img decoding=\"async\" class=\"swiper-slide-image\" src=\"https:\/\/warsztatujacka.pl\/wp-content\/uploads\/2023\/02\/images-150x150.jpg\" alt=\"images\" \/><\/figure><\/div><div class=\"swiper-slide\" role=\"group\" aria-roledescription=\"slide\" aria-label=\"5 of 10\"><figure class=\"swiper-slide-inner\"><img decoding=\"async\" class=\"swiper-slide-image\" src=\"https:\/\/warsztatujacka.pl\/wp-content\/uploads\/2023\/02\/large_thumbnail-150x150.jpg\" alt=\"large_thumbnail\" \/><\/figure><\/div><div class=\"swiper-slide\" role=\"group\" aria-roledescription=\"slide\" aria-label=\"6 of 10\"><figure class=\"swiper-slide-inner\"><img decoding=\"async\" class=\"swiper-slide-image\" src=\"https:\/\/warsztatujacka.pl\/wp-content\/uploads\/2023\/02\/bmw-150x150.jpg\" alt=\"bmw\" \/><\/figure><\/div><div class=\"swiper-slide\" role=\"group\" aria-roledescription=\"slide\" aria-label=\"7 of 10\"><figure class=\"swiper-slide-inner\"><img decoding=\"async\" class=\"swiper-slide-image\" src=\"https:\/\/warsztatujacka.pl\/wp-content\/uploads\/2023\/02\/vw-logo-150x150.jpg\" alt=\"vw-logo\" \/><\/figure><\/div><div class=\"swiper-slide\" role=\"group\" aria-roledescription=\"slide\" aria-label=\"8 of 10\"><figure class=\"swiper-slide-inner\"><img decoding=\"async\" class=\"swiper-slide-image\" src=\"https:\/\/warsztatujacka.pl\/wp-content\/uploads\/2023\/02\/Renault-Logo-1990-150x150.jpg\" alt=\"Renault-Logo-1990\" \/><\/figure><\/div><div class=\"swiper-slide\" role=\"group\" aria-roledescription=\"slide\" aria-label=\"9 of 10\"><figure class=\"swiper-slide-inner\"><img decoding=\"async\" class=\"swiper-slide-image\" src=\"https:\/\/warsztatujacka.pl\/wp-content\/uploads\/2023\/02\/Naklejka-na-samochod-auto-peugeot-logo-2021-20cm-150x150.jpg\" alt=\"Naklejka-na-samochod-auto-peugeot-logo-2021-20cm\" \/><\/figure><\/div><div class=\"swiper-slide\" role=\"group\" aria-roledescription=\"slide\" aria-label=\"10 of 10\"><figure class=\"swiper-slide-inner\"><img decoding=\"async\" class=\"swiper-slide-image\" src=\"https:\/\/warsztatujacka.pl\/wp-content\/uploads\/2023\/02\/Logo-Citroen-2009-2016-150x150.jpg\" alt=\"Logo-Citroen-2009-2016\" \/><\/figure><\/div>\t\t\t<\/div>\n\t\t\t\t\t\t\t\n\t\t\t\t\t\t\t\t\t<\/div>\n\t\t\t\t<\/div>\n\t\t\t\t<\/div>\n\t\t\t\t\t<\/div>\n\t\t<\/div>\n\t\t\t\t\t\t\t<\/div>\n\t\t<\/section>\n\t\t\t\t\t\t\t<\/div>\n\t\t","protected":false},"excerpt":{"rendered":"<p>Centrum Geometrii Samochodowej u Jacka Centrum Geometrii Samochodowej u Jacka to warsztat z d\u0142ugoletnim do\u015bwiadczeniem, naszym atutem jest us\u0142uga geometrii&#8230;<\/p>\n","protected":false},"author":1,"featured_media":0,"parent":0,"menu_order":0,"comment_status":"closed","ping_status":"closed","template":"template-elementor-builder.php","meta":{"footnotes":""},"class_list":["post-30","page","type-page","status-publish","hentry"],"acf":[],"_links":{"self":[{"href":"https:\/\/warsztatujacka.pl\/index.php?rest_route=\/wp\/v2\/pages\/30","targetHints":{"allow":["GET"]}}],"collection":[{"href":"https:\/\/warsztatujacka.pl\/index.php?rest_route=\/wp\/v2\/pages"}],"about":[{"href":"https:\/\/warsztatujacka.pl\/index.php?rest_route=\/wp\/v2\/types\/page"}],"author":[{"embeddable":true,"href":"https:\/\/warsztatujacka.pl\/index.php?rest_route=\/wp\/v2\/users\/1"}],"replies":[{"embeddable":true,"href":"https:\/\/warsztatujacka.pl\/index.php?rest_route=%2Fwp%2Fv2%2Fcomments&post=30"}],"version-history":[{"count":47,"href":"https:\/\/warsztatujacka.pl\/index.php?rest_route=\/wp\/v2\/pages\/30\/revisions"}],"predecessor-version":[{"id":681,"href":"https:\/\/warsztatujacka.pl\/index.php?rest_route=\/wp\/v2\/pages\/30\/revisions\/681"}],"wp:attachment":[{"href":"https:\/\/warsztatujacka.pl\/index.php?rest_route=%2Fwp%2Fv2%2Fmedia&parent=30"}],"curies":[{"name":"wp","href":"https:\/\/api.w.org\/{rel}","templated":true}]}}